{"id":62,"date":"2023-12-13T02:59:26","date_gmt":"2023-12-13T01:59:26","guid":{"rendered":"https:\/\/recursosegb.usach.cl\/cddeduparv\/?page_id=62"},"modified":"2024-06-08T03:51:47","modified_gmt":"2024-06-08T01:51:47","slug":"plan-de-trabajo-cronograma","status":"publish","type":"page","link":"https:\/\/recursosegb.usach.cl\/cddeduparv\/index.php\/plan-de-trabajo-cronograma\/","title":{"rendered":"Plan de Trabajo"},"content":{"rendered":"\n<p>El plan de trabajo para desarrollar el proyecto est\u00e1 calculado a 36 meses. El desglose del mismo por a\u00f1o y objetivo es el siguiente:<\/p>\n\n\n\n<p><strong>A\u00d1O 1: Abril 2023 &#8211; Marzo 2024<\/strong><\/p>\n\n\n\n<figure class=\"wp-block-table\"><table><tbody><tr><td>OBJ<\/td><td>ACTIVIDAD<\/td><td>M1<\/td><td>M2<\/td><td>M3<\/td><td>M4<\/td><td>M5<\/td><td>M6<\/td><td>M7<\/td><td>M8<\/td><td>M9<\/td><td>M10<\/td><td>M11<\/td><td>M12<\/td><\/tr><tr><td rowspan=\"8\">OE1<\/td><td>Revisi\u00f3n y An\u00e1lisis de Sistem\u00e1tico de Evaluaci\u00f3n de Competencias Digitales Docentes basados en DIGCOMPEDU a nivel nacional e internacional.<\/td><td><strong>X<\/strong><\/td><td><strong>X<\/strong><\/td><td><\/td><td><\/td><td><\/td><td><\/td><td><\/td><td><\/td><td><\/td><td><\/td><td><\/td><td><\/td><\/tr><tr><td>Definici\u00f3n y validaci\u00f3n con expertos nacionales&nbsp; de matriz de especificaciones (dimensiones e indicadores) de los elementos de DIGICOMP a considerar.<\/td><td><\/td><td><\/td><td><strong>X<\/strong><\/td><td><\/td><td><\/td><td><\/td><td><\/td><td><\/td><td><\/td><td><\/td><td><\/td><td><\/td><\/tr><tr><td>Elaboraci\u00f3n de Reactivos para Instrumento de Evaluaci\u00f3n&nbsp;<\/td><td><\/td><td><\/td><td><strong>X<\/strong><\/td><td><strong>X<\/strong><\/td><td><strong>X<\/strong><\/td><td><\/td><td><\/td><td><\/td><td><\/td><td><\/td><td><\/td><td><\/td><\/tr><tr><td>Dise\u00f1o de instrumento cuantitativo (test) para evaluar la CDD en estudiantado de EPA validado por Jueces en cuanto a pertinencia, coherencia, claridad, etc.<\/td><td><\/td><td><\/td><td><\/td><td><\/td><td><\/td><td><strong>X<\/strong><\/td><td><strong>X<\/strong><\/td><td><\/td><td><\/td><td><\/td><td><\/td><td><\/td><\/tr><tr><td>Validaci\u00f3n y Calibraci\u00f3n de Instrumento<\/td><td><\/td><td><\/td><td><\/td><td><\/td><td><\/td><td><\/td><td><\/td><td><strong>X<\/strong><\/td><td><strong>X<\/strong><\/td><td><strong>X<\/strong><\/td><td><strong>X<\/strong><\/td><td><strong>X<\/strong><\/td><\/tr><tr><td>Art\u00edculo dise\u00f1o y validaci\u00f3n de un instrumento para la evaluaci\u00f3n de la CDD en EPA de acuerdo al marco DIGICOMPEDU<\/td><td><\/td><td><\/td><td><\/td><td><\/td><td><\/td><td><\/td><td><\/td><td><\/td><td><\/td><td><strong>X<\/strong><\/td><td><strong>X<\/strong><\/td><td><strong>X<\/strong><\/td><\/tr><tr><td>Desarrollo de Tesis<\/td><td><\/td><td><strong>X<\/strong><\/td><td><strong>X<\/strong><\/td><td><strong>X<\/strong><\/td><td><strong>X<\/strong><\/td><td><strong>X<\/strong><\/td><td><strong>X<\/strong><\/td><td><strong>X<\/strong><\/td><td><strong>X<\/strong><\/td><td><strong>X<\/strong><\/td><td><strong>X<\/strong><\/td><td><strong>X<\/strong><\/td><\/tr><tr><td>Sitio web de Difusi\u00f3n<\/td><td><\/td><td><\/td><td><\/td><td><\/td><td><\/td><td><\/td><td><strong>X<\/strong><\/td><td><strong>X<\/strong><\/td><td><strong>X<\/strong><\/td><td><strong>X<\/strong><\/td><td><strong>X<\/strong><\/td><td><strong>X<\/strong><\/td><\/tr><\/tbody><\/table><\/figure>\n\n\n\n<p><strong>A\u00d1O 2: Abril 2024 &#8211; Marzo 2025<\/strong><\/p>\n\n\n\n<figure class=\"wp-block-table\"><table><tbody><tr><td>OBJ<\/td><td>ACTIVIDAD<\/td><td>M1<\/td><td>M2<\/td><td>M3<\/td><td>M4<\/td><td>M5<\/td><td>M6<\/td><td>M7<\/td><td>M8<\/td><td>M9<\/td><td>M10<\/td><td>M11<\/td><td>M12<\/td><\/tr><tr><td rowspan=\"8\">OE2<\/td><td>Elaboraci\u00f3n de Autorizaciones y Consentimientos Informados<\/td><td><strong>X<\/strong><\/td><td><\/td><td><\/td><td><\/td><td><\/td><td><\/td><td><\/td><td><\/td><td><\/td><td><\/td><td><\/td><td><\/td><\/tr><tr><td>Conformaci\u00f3n de Muestra Nacional Representativa de estudiantes de EPA<\/td><td><strong>X<\/strong><\/td><td><strong>X<\/strong><\/td><td><\/td><td><\/td><td><\/td><td><\/td><td><\/td><td><\/td><td><\/td><td><\/td><td><\/td><td><\/td><\/tr><tr><td>Aplicaci\u00f3n de instrumento a una muestra representativa\u00b7<\/td><td><\/td><td><\/td><td><strong>X<\/strong><\/td><td><strong>X<\/strong><\/td><td><strong>X<\/strong><\/td><td><strong>X<\/strong><\/td><td><\/td><td><\/td><td><\/td><td><\/td><td><\/td><td><\/td><\/tr><tr><td>An\u00e1lisis Estad\u00edsticos de Resultados.<\/td><td><\/td><td><\/td><td><\/td><td><\/td><td><\/td><td><\/td><td><strong>X<\/strong><\/td><td><strong>X<\/strong><\/td><td><\/td><td><\/td><td><\/td><td><\/td><\/tr><tr><td>Determinar los niveles de CDD de las dimensiones e indicadores, generales, por NSE, Universidad, etc<\/td><td><\/td><td><\/td><td><\/td><td><\/td><td><\/td><td><\/td><td><\/td><td><\/td><td><strong>X<\/strong><\/td><td><strong>X<\/strong><\/td><td><strong>X<\/strong><\/td><td><strong>X<\/strong><\/td><\/tr><tr><td>Presentaci\u00f3n de resultados del estudio en congresos<\/td><td><\/td><td><\/td><td><\/td><td><\/td><td><\/td><td><\/td><td><\/td><td><\/td><td><\/td><td><\/td><td><\/td><td><strong>X<\/strong><\/td><\/tr><tr><td>Desarrollo de Tesis<\/td><td><\/td><td><strong>X<\/strong><\/td><td><strong>X<\/strong><\/td><td><strong>X<\/strong><\/td><td><strong>X<\/strong><\/td><td><strong>X<\/strong><\/td><td><strong>X<\/strong><\/td><td><strong>X<\/strong><\/td><td><strong>X<\/strong><\/td><td><strong>X<\/strong><\/td><td><strong>X<\/strong><\/td><td><strong>X<\/strong><\/td><\/tr><tr><td>Sitio web de Difusi\u00f3n<\/td><td><strong>X<\/strong><\/td><td><strong>X<\/strong><\/td><td><strong>X<\/strong><\/td><td><strong>X<\/strong><\/td><td><strong>X<\/strong><\/td><td><strong>X<\/strong><\/td><td><strong>X<\/strong><\/td><td><strong>X<\/strong><\/td><td><strong>X<\/strong><\/td><td><strong>X<\/strong><\/td><td><strong>X<\/strong><\/td><td><strong>X<\/strong><\/td><\/tr><\/tbody><\/table><\/figure>\n\n\n\n<p><strong>A\u00d1O 3: Abril 2025 &#8211; Marzo 2026<\/strong><\/p>\n\n\n\n<figure class=\"wp-block-table\"><table><tbody><tr><td>OBJ<\/td><td>ACTIVIDAD<\/td><td>M1<\/td><td>M2<\/td><td>M3<\/td><td>M4<\/td><td>M5<\/td><td>M6<\/td><td>M7<\/td><td>M8<\/td><td>M9<\/td><td>M10<\/td><td>M11<\/td><td>M12<\/td><\/tr><tr><td>OE 2<\/td><td>Art\u00edculo nivel de&nbsp;CDD en estudiantes de EPA<\/td><td><strong>X<\/strong><\/td><td><strong>X<\/strong><\/td><td><strong>X<\/strong><\/td><td><\/td><td><\/td><td><\/td><td><\/td><td><\/td><td><\/td><td><\/td><td><\/td><td><\/td><\/tr><tr><td rowspan=\"9\">OE3<\/td><td>Elaboraci\u00f3n de Perfiles<\/td><td><strong>X<\/strong><\/td><td><strong>X<\/strong><\/td><td><strong>X<\/strong><\/td><td><strong>X<\/strong><\/td><td><strong>X<\/strong><\/td><td><\/td><td><\/td><td><\/td><td><\/td><td><\/td><td><\/td><td><\/td><\/tr><tr><td>Informe de an\u00e1lisis con variables de contexto<\/td><td><strong>X<\/strong><\/td><td><strong>X<\/strong><\/td><td><strong>X<\/strong><\/td><td><strong>X<\/strong><\/td><td><strong>X<\/strong><\/td><td><\/td><td><\/td><td><\/td><td><\/td><td><\/td><td><\/td><td><\/td><\/tr><tr><td>Generaci\u00f3n de dimensiones nucleares del instrumento<\/td><td><strong>X<\/strong><\/td><td><strong>X<\/strong><\/td><td><strong>X<\/strong><\/td><td><strong>X<\/strong><\/td><td><strong>X<\/strong><\/td><td><\/td><td><\/td><td><\/td><td><\/td><td><\/td><td><\/td><td><\/td><\/tr><tr><td>Caracterizaci\u00f3n m\u00e9trica y valoraci\u00f3n del \u00edndice<\/td><td><strong>X<\/strong><\/td><td><strong>X<\/strong><\/td><td><strong>X<\/strong><\/td><td><strong>X<\/strong><\/td><td><strong>X<\/strong><\/td><td><\/td><td><\/td><td><\/td><td><\/td><td><\/td><td><\/td><td><\/td><\/tr><tr><td>Elaboraci\u00f3n de Recomendaciones.<\/td><td><\/td><td><\/td><td><\/td><td><\/td><td><\/td><td><strong>X<\/strong><\/td><td><strong>X<\/strong><\/td><td><strong>X<\/strong><\/td><td><\/td><td><\/td><td><\/td><td><\/td><\/tr><tr><td>Seminario sobre CDD en Carreras de EPA<\/td><td><\/td><td><\/td><td><\/td><td><\/td><td><\/td><td><\/td><td><strong>X<\/strong><\/td><td><\/td><td><\/td><td><\/td><td><\/td><td><\/td><\/tr><tr><td>Presentaci\u00f3n de resultados del estudio en congreso<\/td><td><\/td><td><\/td><td><\/td><td><\/td><td><\/td><td><\/td><td><strong>X<\/strong><\/td><td><\/td><td><\/td><td><\/td><td><\/td><td><strong>X<\/strong><\/td><\/tr><tr><td>Desarrollo de Tesis<\/td><td><\/td><td><strong>X<\/strong><\/td><td><strong>X<\/strong><\/td><td><strong>X<\/strong><\/td><td><strong>X<\/strong><\/td><td><strong>X<\/strong><\/td><td><strong>X<\/strong><\/td><td><strong>X<\/strong><\/td><td><strong>X<\/strong><\/td><td><strong>X<\/strong><\/td><td><\/td><td><\/td><\/tr><tr><td>Sitio web de Difusi\u00f3n<\/td><td><strong>X<\/strong><\/td><td><strong>X<\/strong><\/td><td><strong>X<\/strong><\/td><td><strong>X<\/strong><\/td><td><strong>X<\/strong><\/td><td><strong>X<\/strong><\/td><td><strong>X<\/strong><\/td><td><strong>X<\/strong><\/td><td><strong>X<\/strong><\/td><td><strong>X<\/strong><\/td><td><strong>X<\/strong><\/td><td><strong>X<\/strong><\/td><\/tr><\/tbody><\/table><\/figure>\n","protected":false},"excerpt":{"rendered":"<p>El plan de trabajo para desarrollar el proyecto est\u00e1 calculado a 36 meses. El desglose del mismo por a\u00f1o y objetivo es el siguiente: A\u00d1O 1: Abril 2023 &#8211; Marzo 2024 OBJ ACTIVIDAD M1 M2 M3 M4 M5 M6 M7 M8 M9 M10 M11 M12 OE1 Revisi\u00f3n y An\u00e1lisis de Sistem\u00e1tico de Evaluaci\u00f3n de Competencias [&hellip;]<\/p>\n","protected":false},"author":1,"featured_media":0,"parent":0,"menu_order":0,"comment_status":"closed","ping_status":"closed","template":"","meta":{"footnotes":""},"class_list":["post-62","page","type-page","status-publish","hentry"],"_links":{"self":[{"href":"https:\/\/recursosegb.usach.cl\/cddeduparv\/index.php\/wp-json\/wp\/v2\/pages\/62","targetHints":{"allow":["GET"]}}],"collection":[{"href":"https:\/\/recursosegb.usach.cl\/cddeduparv\/index.php\/wp-json\/wp\/v2\/pages"}],"about":[{"href":"https:\/\/recursosegb.usach.cl\/cddeduparv\/index.php\/wp-json\/wp\/v2\/types\/page"}],"author":[{"embeddable":true,"href":"https:\/\/recursosegb.usach.cl\/cddeduparv\/index.php\/wp-json\/wp\/v2\/users\/1"}],"replies":[{"embeddable":true,"href":"https:\/\/recursosegb.usach.cl\/cddeduparv\/index.php\/wp-json\/wp\/v2\/comments?post=62"}],"version-history":[{"count":2,"href":"https:\/\/recursosegb.usach.cl\/cddeduparv\/index.php\/wp-json\/wp\/v2\/pages\/62\/revisions"}],"predecessor-version":[{"id":409,"href":"https:\/\/recursosegb.usach.cl\/cddeduparv\/index.php\/wp-json\/wp\/v2\/pages\/62\/revisions\/409"}],"wp:attachment":[{"href":"https:\/\/recursosegb.usach.cl\/cddeduparv\/index.php\/wp-json\/wp\/v2\/media?parent=62"}],"curies":[{"name":"wp","href":"https:\/\/api.w.org\/{rel}","templated":true}]}}