{"id":53,"date":"2023-12-13T02:54:15","date_gmt":"2023-12-13T01:54:15","guid":{"rendered":"https:\/\/recursosegb.usach.cl\/cddeduparv\/?page_id=53"},"modified":"2024-06-08T03:41:02","modified_gmt":"2024-06-08T01:41:02","slug":"objetivos-y-alcances-de-la-investigacion","status":"publish","type":"page","link":"https:\/\/recursosegb.usach.cl\/cddeduparv\/index.php\/objetivos-y-alcances-de-la-investigacion\/","title":{"rendered":"Objetivos y Alcances de la Investigaci\u00f3n"},"content":{"rendered":"\n<div style=\"height:35px\" aria-hidden=\"true\" class=\"wp-block-spacer\"><\/div>\n\n\n\n<p class=\"has-medium-font-size\"><strong>Objetivo General<\/strong><\/p>\n\n\n\n<p>Evaluar las competencias digitales docentes de los y las estudiantes de \u00faltimo a\u00f1o de las carreras de Educaci\u00f3n Parvularia de universidades pertenecientes al Consejo de Rectores de Chile, para mapear los niveles de aprendizaje digital desarrollados en la FID.<\/p>\n\n\n\n<p class=\"has-medium-font-size\"><strong>Objetivos Espec\u00edficos<\/strong><\/p>\n\n\n\n<p>OE1. Dise\u00f1ar y calibrar un instrumento de evaluaci\u00f3n de los niveles de competencia digital docente en estudiantes de \u00faltimo a\u00f1o de EPA basado en el marco DIGCOMPEDU.<\/p>\n\n\n\n<p>OE2. Determinar los niveles de competencia digital docente que presentan los y las estudiantes EPA al finalizar su trayectoria en la FID.<\/p>\n\n\n\n<p>OE3. Evaluar las CDD a partir de los perfiles de aprendizajes digitales docentes desarrollados por los y las estudiantes de \u00faltimo a\u00f1o de EPA.<\/p>\n\n\n\n<div style=\"height:35px\" aria-hidden=\"true\" class=\"wp-block-spacer\"><\/div>\n\n\n\n<p class=\"has-medium-font-size\"><strong>Preguntas de investigaci\u00f3n e hip\u00f3tesis<\/strong><\/p>\n\n\n\n<p>(1)&nbsp; &nbsp; &nbsp; &nbsp; \u00bfEs el DIGCOMPEDU un marco referente para dise\u00f1ar un instrumento de evaluaci\u00f3n confiable de CDD en la FID en Chile?<\/p>\n\n\n\n<p>H1. El dise\u00f1o de un instrumento de evaluaci\u00f3n de CDD considerando el marco DIGCOMPEDU al contexto FID chileno responde a la caracterizaci\u00f3n de los perfiles de las CDD<\/p>\n\n\n\n<p>(2) &nbsp; \u00bfQu\u00e9 factores y caracter\u00edsticas son primordiales para establecer el perfil de competencias digitales del y la estudiante EPA de las universidades pertenecientes al Consejo de Rectores de Chile?<\/p>\n\n\n\n<p>H2. Los factores y caracter\u00edsticas primordiales para establecer el perfil de CDD son las mallas curriculares, transversalidad de los programas formativos TIC, dependencia de establecimiento de origen de los y las estudiantes y a la regi\u00f3n de formaci\u00f3n.<\/p>\n\n\n\n<p>(3)&nbsp; \u00bfQu\u00e9 categor\u00eda m\u00e9trica del \u00edndice de evaluaci\u00f3n competencia digital docente (IECD) es la dominante en la muestra observada?<\/p>\n\n\n\n<p>H3. La categor\u00eda m\u00e9trica \u201cMedianamente lograda\u201d del IECD presenta una frecuencia significativamente mayor que las otras categor\u00edas.&nbsp;<\/p>\n","protected":false},"excerpt":{"rendered":"<p>Objetivo General Evaluar las competencias digitales docentes de los y las estudiantes de \u00faltimo a\u00f1o de las carreras de Educaci\u00f3n Parvularia de universidades pertenecientes al Consejo de Rectores de Chile, para mapear los niveles de aprendizaje digital desarrollados en la FID. Objetivos Espec\u00edficos OE1. Dise\u00f1ar y calibrar un instrumento de evaluaci\u00f3n de los niveles de [&hellip;]<\/p>\n","protected":false},"author":1,"featured_media":0,"parent":0,"menu_order":0,"comment_status":"closed","ping_status":"closed","template":"","meta":{"footnotes":""},"class_list":["post-53","page","type-page","status-publish","hentry"],"_links":{"self":[{"href":"https:\/\/recursosegb.usach.cl\/cddeduparv\/index.php\/wp-json\/wp\/v2\/pages\/53","targetHints":{"allow":["GET"]}}],"collection":[{"href":"https:\/\/recursosegb.usach.cl\/cddeduparv\/index.php\/wp-json\/wp\/v2\/pages"}],"about":[{"href":"https:\/\/recursosegb.usach.cl\/cddeduparv\/index.php\/wp-json\/wp\/v2\/types\/page"}],"author":[{"embeddable":true,"href":"https:\/\/recursosegb.usach.cl\/cddeduparv\/index.php\/wp-json\/wp\/v2\/users\/1"}],"replies":[{"embeddable":true,"href":"https:\/\/recursosegb.usach.cl\/cddeduparv\/index.php\/wp-json\/wp\/v2\/comments?post=53"}],"version-history":[{"count":3,"href":"https:\/\/recursosegb.usach.cl\/cddeduparv\/index.php\/wp-json\/wp\/v2\/pages\/53\/revisions"}],"predecessor-version":[{"id":404,"href":"https:\/\/recursosegb.usach.cl\/cddeduparv\/index.php\/wp-json\/wp\/v2\/pages\/53\/revisions\/404"}],"wp:attachment":[{"href":"https:\/\/recursosegb.usach.cl\/cddeduparv\/index.php\/wp-json\/wp\/v2\/media?parent=53"}],"curies":[{"name":"wp","href":"https:\/\/api.w.org\/{rel}","templated":true}]}}